{"id":4632,"date":"2022-02-04T16:08:48","date_gmt":"2022-02-04T15:08:48","guid":{"rendered":"https:\/\/www.schuppar-consulting.com\/beratung\/thank-you\/"},"modified":"2022-02-04T16:08:48","modified_gmt":"2022-02-04T15:08:48","slug":"thank-you","status":"publish","type":"page","link":"https:\/\/www.schuppar-consulting.com\/de\/beratung\/thank-you\/","title":{"rendered":"Dankesch\u00f6n"},"content":{"rendered":"\t\t<div data-elementor-type=\"wp-page\" data-elementor-id=\"4632\" class=\"elementor elementor-4632 elementor-4576\" data-elementor-post-type=\"page\">\n\t\t\t\t\t\t<section class=\"elementor-section elementor-top-section elementor-element elementor-element-b3a91b1 elementor-section-boxed elementor-section-height-default elementor-section-height-default\" data-id=\"b3a91b1\" data-element_type=\"section\" data-e-type=\"section\" data-settings=\"{&quot;jet_parallax_layout_list&quot;:[{&quot;jet_parallax_layout_image&quot;:{&quot;url&quot;:&quot;&quot;,&quot;id&quot;:&quot;&quot;,&quot;size&quot;:&quot;&quot;},&quot;_id&quot;:&quot;71602b7&quot;,&quot;jet_parallax_layout_image_tablet&quot;:{&quot;url&quot;:&quot;&quot;,&quot;id&quot;:&quot;&quot;,&quot;size&quot;:&quot;&quot;},&quot;jet_parallax_layout_image_mobile&quot;:{&quot;url&quot;:&quot;&quot;,&quot;id&quot;:&quot;&quot;,&quot;size&quot;:&quot;&quot;},&quot;jet_parallax_layout_speed&quot;:{&quot;unit&quot;:&quot;%&quot;,&quot;size&quot;:50,&quot;sizes&quot;:[]},&quot;jet_parallax_layout_type&quot;:&quot;scroll&quot;,&quot;jet_parallax_layout_direction&quot;:null,&quot;jet_parallax_layout_fx_direction&quot;:null,&quot;jet_parallax_layout_z_index&quot;:&quot;&quot;,&quot;jet_parallax_layout_bg_x&quot;:50,&quot;jet_parallax_layout_bg_x_tablet&quot;:&quot;&quot;,&quot;jet_parallax_layout_bg_x_mobile&quot;:&quot;&quot;,&quot;jet_parallax_layout_bg_y&quot;:50,&quot;jet_parallax_layout_bg_y_tablet&quot;:&quot;&quot;,&quot;jet_parallax_layout_bg_y_mobile&quot;:&quot;&quot;,&quot;jet_parallax_layout_bg_size&quot;:&quot;auto&quot;,&quot;jet_parallax_layout_bg_size_tablet&quot;:&quot;&quot;,&quot;jet_parallax_layout_bg_size_mobile&quot;:&quot;&quot;,&quot;jet_parallax_layout_animation_prop&quot;:&quot;transform&quot;,&quot;jet_parallax_layout_on&quot;:[&quot;desktop&quot;,&quot;tablet&quot;]}]}\">\n\t\t\t\t\t\t<div class=\"elementor-container elementor-column-gap-default\">\n\t\t\t\t\t<div class=\"elementor-column elementor-col-50 elementor-top-column elementor-element elementor-element-85dac0d\" data-id=\"85dac0d\" data-element_type=\"column\" data-e-type=\"column\">\n\t\t\t<div class=\"elementor-widget-wrap elementor-element-populated\">\n\t\t\t\t\t\t<div class=\"elementor-element elementor-element-1d6f765 elementor-widget elementor-widget-heading\" data-id=\"1d6f765\" data-element_type=\"widget\" data-e-type=\"widget\" data-widget_type=\"heading.default\">\n\t\t\t\t<div class=\"elementor-widget-container\">\n\t\t\t\t\t<h2 class=\"elementor-heading-title elementor-size-default\"><span>Vielen<\/span> <span>Dank<\/span><span>, dass<\/span> <span>Sie<\/span> <span>uns kontaktiert haben!<\/span> Wir werden uns in K\u00fcrze mit Ihnen in Verbindung setzen.<\/h2>\t\t\t\t<\/div>\n\t\t\t\t<\/div>\n\t\t\t\t<div class=\"elementor-element elementor-element-090b432 elementor-widget elementor-widget-text-editor\" data-id=\"090b432\" data-element_type=\"widget\" data-e-type=\"widget\" data-widget_type=\"text-editor.default\">\n\t\t\t\t<div class=\"elementor-widget-container\">\n\t\t\t\t\t\t\t\t\t<p>Wenn Sie in einer hochqualifizierten Einkaufsumgebung erfolgreich sein wollen, m\u00fcssen Sie genau wissen, was Sie tun.<\/p>\n<p>Wir werden uns mit Ihnen in Verbindung setzen!<\/p>\n\t\t\t\t\t\t\t\t<\/div>\n\t\t\t\t<\/div>\n\t\t\t\t\t<\/div>\n\t\t<\/div>\n\t\t\t\t<div class=\"elementor-column elementor-col-50 elementor-top-column elementor-element elementor-element-98d6091\" data-id=\"98d6091\" data-element_type=\"column\" data-e-type=\"column\">\n\t\t\t<div class=\"elementor-widget-wrap elementor-element-populated\">\n\t\t\t\t\t\t<div class=\"elementor-element elementor-element-f964f0d elementor-widget elementor-widget-image\" data-id=\"f964f0d\" data-element_type=\"widget\" data-e-type=\"widget\" data-widget_type=\"image.default\">\n\t\t\t\t<div class=\"elementor-widget-container\">\n\t\t\t\t\t\t\t\t\t\t\t\t\t\t\t<img fetchpriority=\"high\" decoding=\"async\" width=\"674\" height=\"562\" src=\"https:\/\/www.schuppar-consulting.com\/wp-content\/uploads\/2021\/08\/mission_team-1.jpg\" class=\"attachment-large size-large wp-image-664\" alt=\"\" srcset=\"https:\/\/www.schuppar-consulting.com\/wp-content\/uploads\/2021\/08\/mission_team-1.jpg 674w, https:\/\/www.schuppar-consulting.com\/wp-content\/uploads\/2021\/08\/mission_team-1-600x500.jpg 600w, https:\/\/www.schuppar-consulting.com\/wp-content\/uploads\/2021\/08\/mission_team-1-300x250.jpg 300w\" sizes=\"(max-width: 674px) 100vw, 674px\" \/>\t\t\t\t\t\t\t\t\t\t\t\t\t\t\t<\/div>\n\t\t\t\t<\/div>\n\t\t\t\t\t<\/div>\n\t\t<\/div>\n\t\t\t\t\t<\/div>\n\t\t<\/section>\n\t\t\t\t<\/div>\n\t\t","protected":false},"excerpt":{"rendered":"<p>Vielen Dank, dass Sie uns kontaktiert haben! Wir werden uns in K\u00fcrze mit Ihnen in Verbindung setzen. Wenn Sie in einer hochqualifizierten Einkaufsumgebung erfolgreich sein wollen, m\u00fcssen Sie genau wissen, was Sie tun. Wir werden uns mit Ihnen in Verbindung setzen!<\/p>\n","protected":false},"author":1,"featured_media":0,"parent":2921,"menu_order":0,"comment_status":"closed","ping_status":"closed","template":"","meta":{"footnotes":""},"class_list":["post-4632","page","type-page","status-publish","hentry"],"yoast_head":"<!-- This site is optimized with the Yoast SEO plugin v27.5 - https:\/\/yoast.com\/product\/yoast-seo-wordpress\/ -->\n<title>Dankesch\u00f6n - Schuppar Consulting<\/title>\n<meta name=\"robots\" content=\"index, follow, max-snippet:-1, max-image-preview:large, max-video-preview:-1\" \/>\n<link rel=\"canonical\" href=\"https:\/\/www.schuppar-consulting.com\/de\/beratung\/thank-you\/\" \/>\n<meta property=\"og:locale\" content=\"de_DE\" \/>\n<meta property=\"og:type\" content=\"article\" \/>\n<meta property=\"og:title\" content=\"Dankesch\u00f6n - Schuppar Consulting\" \/>\n<meta property=\"og:description\" content=\"Vielen Dank, dass Sie uns kontaktiert haben! Wir werden uns in K\u00fcrze mit Ihnen in Verbindung setzen. Wenn Sie in einer hochqualifizierten Einkaufsumgebung erfolgreich sein wollen, m\u00fcssen Sie genau wissen, was Sie tun. Wir werden uns mit Ihnen in Verbindung setzen!\" \/>\n<meta property=\"og:url\" content=\"https:\/\/www.schuppar-consulting.com\/de\/beratung\/thank-you\/\" \/>\n<meta property=\"og:site_name\" content=\"Schuppar Consulting\" \/>\n<meta property=\"article:publisher\" content=\"https:\/\/www.facebook.com\/schupparconsulting\/\" \/>\n<meta property=\"og:image\" content=\"https:\/\/www.schuppar-consulting.com\/wp-content\/uploads\/2021\/08\/mission_team-1.jpg\" \/>\n<meta name=\"twitter:card\" content=\"summary_large_image\" \/>\n<script type=\"application\/ld+json\" class=\"yoast-schema-graph\">{\"@context\":\"https:\\\/\\\/schema.org\",\"@graph\":[{\"@type\":\"WebPage\",\"@id\":\"https:\\\/\\\/www.schuppar-consulting.com\\\/de\\\/beratung\\\/thank-you\\\/\",\"url\":\"https:\\\/\\\/www.schuppar-consulting.com\\\/de\\\/beratung\\\/thank-you\\\/\",\"name\":\"Dankesch\u00f6n - Schuppar Consulting\",\"isPartOf\":{\"@id\":\"https:\\\/\\\/www.schuppar-consulting.com\\\/de\\\/#website\"},\"primaryImageOfPage\":{\"@id\":\"https:\\\/\\\/www.schuppar-consulting.com\\\/de\\\/beratung\\\/thank-you\\\/#primaryimage\"},\"image\":{\"@id\":\"https:\\\/\\\/www.schuppar-consulting.com\\\/de\\\/beratung\\\/thank-you\\\/#primaryimage\"},\"thumbnailUrl\":\"https:\\\/\\\/www.schuppar-consulting.com\\\/wp-content\\\/uploads\\\/2021\\\/08\\\/mission_team-1.jpg\",\"datePublished\":\"2022-02-04T15:08:48+00:00\",\"breadcrumb\":{\"@id\":\"https:\\\/\\\/www.schuppar-consulting.com\\\/de\\\/beratung\\\/thank-you\\\/#breadcrumb\"},\"inLanguage\":\"de\",\"potentialAction\":[{\"@type\":\"ReadAction\",\"target\":[\"https:\\\/\\\/www.schuppar-consulting.com\\\/de\\\/beratung\\\/thank-you\\\/\"]}]},{\"@type\":\"ImageObject\",\"inLanguage\":\"de\",\"@id\":\"https:\\\/\\\/www.schuppar-consulting.com\\\/de\\\/beratung\\\/thank-you\\\/#primaryimage\",\"url\":\"https:\\\/\\\/www.schuppar-consulting.com\\\/wp-content\\\/uploads\\\/2021\\\/08\\\/mission_team-1.jpg\",\"contentUrl\":\"https:\\\/\\\/www.schuppar-consulting.com\\\/wp-content\\\/uploads\\\/2021\\\/08\\\/mission_team-1.jpg\"},{\"@type\":\"BreadcrumbList\",\"@id\":\"https:\\\/\\\/www.schuppar-consulting.com\\\/de\\\/beratung\\\/thank-you\\\/#breadcrumb\",\"itemListElement\":[{\"@type\":\"ListItem\",\"position\":1,\"name\":\"Home\",\"item\":\"https:\\\/\\\/www.schuppar-consulting.com\\\/de\\\/\"},{\"@type\":\"ListItem\",\"position\":2,\"name\":\"Beratung\",\"item\":\"https:\\\/\\\/www.schuppar-consulting.com\\\/de\\\/beratung\\\/\"},{\"@type\":\"ListItem\",\"position\":3,\"name\":\"Dankesch\u00f6n\"}]},{\"@type\":\"WebSite\",\"@id\":\"https:\\\/\\\/www.schuppar-consulting.com\\\/de\\\/#website\",\"url\":\"https:\\\/\\\/www.schuppar-consulting.com\\\/de\\\/\",\"name\":\"Schuppar Consulting | Your Pricing Experts\",\"description\":\"Your Pricing Experts\",\"publisher\":{\"@id\":\"https:\\\/\\\/www.schuppar-consulting.com\\\/de\\\/#organization\"},\"potentialAction\":[{\"@type\":\"SearchAction\",\"target\":{\"@type\":\"EntryPoint\",\"urlTemplate\":\"https:\\\/\\\/www.schuppar-consulting.com\\\/de\\\/?s={search_term_string}\"},\"query-input\":{\"@type\":\"PropertyValueSpecification\",\"valueRequired\":true,\"valueName\":\"search_term_string\"}}],\"inLanguage\":\"de\"},{\"@type\":\"Organization\",\"@id\":\"https:\\\/\\\/www.schuppar-consulting.com\\\/de\\\/#organization\",\"name\":\"Schuppar Consulting | Your Pricing Experts\",\"url\":\"https:\\\/\\\/www.schuppar-consulting.com\\\/de\\\/\",\"logo\":{\"@type\":\"ImageObject\",\"inLanguage\":\"de\",\"@id\":\"https:\\\/\\\/www.schuppar-consulting.com\\\/de\\\/#\\\/schema\\\/logo\\\/image\\\/\",\"url\":\"http:\\\/\\\/www.schuppar-consulting.com\\\/wp-content\\\/uploads\\\/2021\\\/08\\\/Logo_schuppar_english_web.jpg\",\"contentUrl\":\"http:\\\/\\\/www.schuppar-consulting.com\\\/wp-content\\\/uploads\\\/2021\\\/08\\\/Logo_schuppar_english_web.jpg\",\"width\":420,\"height\":84,\"caption\":\"Schuppar Consulting | Your Pricing Experts\"},\"image\":{\"@id\":\"https:\\\/\\\/www.schuppar-consulting.com\\\/de\\\/#\\\/schema\\\/logo\\\/image\\\/\"},\"sameAs\":[\"https:\\\/\\\/www.facebook.com\\\/schupparconsulting\\\/\",\"https:\\\/\\\/www.linkedin.com\\\/company\\\/schuppar-consulting\",\"https:\\\/\\\/www.youtube.com\\\/channel\\\/UCbRn3J_OjBCO2m34VLak6gg\"]}]}<\/script>\n<!-- \/ Yoast SEO plugin. -->","yoast_head_json":{"title":"Dankesch\u00f6n - Schuppar Consulting","robots":{"index":"index","follow":"follow","max-snippet":"max-snippet:-1","max-image-preview":"max-image-preview:large","max-video-preview":"max-video-preview:-1"},"canonical":"https:\/\/www.schuppar-consulting.com\/de\/beratung\/thank-you\/","og_locale":"de_DE","og_type":"article","og_title":"Dankesch\u00f6n - Schuppar Consulting","og_description":"Vielen Dank, dass Sie uns kontaktiert haben! Wir werden uns in K\u00fcrze mit Ihnen in Verbindung setzen. Wenn Sie in einer hochqualifizierten Einkaufsumgebung erfolgreich sein wollen, m\u00fcssen Sie genau wissen, was Sie tun. Wir werden uns mit Ihnen in Verbindung setzen!","og_url":"https:\/\/www.schuppar-consulting.com\/de\/beratung\/thank-you\/","og_site_name":"Schuppar Consulting","article_publisher":"https:\/\/www.facebook.com\/schupparconsulting\/","og_image":[{"url":"https:\/\/www.schuppar-consulting.com\/wp-content\/uploads\/2021\/08\/mission_team-1.jpg","type":"","width":"","height":""}],"twitter_card":"summary_large_image","schema":{"@context":"https:\/\/schema.org","@graph":[{"@type":"WebPage","@id":"https:\/\/www.schuppar-consulting.com\/de\/beratung\/thank-you\/","url":"https:\/\/www.schuppar-consulting.com\/de\/beratung\/thank-you\/","name":"Dankesch\u00f6n - Schuppar Consulting","isPartOf":{"@id":"https:\/\/www.schuppar-consulting.com\/de\/#website"},"primaryImageOfPage":{"@id":"https:\/\/www.schuppar-consulting.com\/de\/beratung\/thank-you\/#primaryimage"},"image":{"@id":"https:\/\/www.schuppar-consulting.com\/de\/beratung\/thank-you\/#primaryimage"},"thumbnailUrl":"https:\/\/www.schuppar-consulting.com\/wp-content\/uploads\/2021\/08\/mission_team-1.jpg","datePublished":"2022-02-04T15:08:48+00:00","breadcrumb":{"@id":"https:\/\/www.schuppar-consulting.com\/de\/beratung\/thank-you\/#breadcrumb"},"inLanguage":"de","potentialAction":[{"@type":"ReadAction","target":["https:\/\/www.schuppar-consulting.com\/de\/beratung\/thank-you\/"]}]},{"@type":"ImageObject","inLanguage":"de","@id":"https:\/\/www.schuppar-consulting.com\/de\/beratung\/thank-you\/#primaryimage","url":"https:\/\/www.schuppar-consulting.com\/wp-content\/uploads\/2021\/08\/mission_team-1.jpg","contentUrl":"https:\/\/www.schuppar-consulting.com\/wp-content\/uploads\/2021\/08\/mission_team-1.jpg"},{"@type":"BreadcrumbList","@id":"https:\/\/www.schuppar-consulting.com\/de\/beratung\/thank-you\/#breadcrumb","itemListElement":[{"@type":"ListItem","position":1,"name":"Home","item":"https:\/\/www.schuppar-consulting.com\/de\/"},{"@type":"ListItem","position":2,"name":"Beratung","item":"https:\/\/www.schuppar-consulting.com\/de\/beratung\/"},{"@type":"ListItem","position":3,"name":"Dankesch\u00f6n"}]},{"@type":"WebSite","@id":"https:\/\/www.schuppar-consulting.com\/de\/#website","url":"https:\/\/www.schuppar-consulting.com\/de\/","name":"Schuppar Consulting | Your Pricing Experts","description":"Your Pricing Experts","publisher":{"@id":"https:\/\/www.schuppar-consulting.com\/de\/#organization"},"potentialAction":[{"@type":"SearchAction","target":{"@type":"EntryPoint","urlTemplate":"https:\/\/www.schuppar-consulting.com\/de\/?s={search_term_string}"},"query-input":{"@type":"PropertyValueSpecification","valueRequired":true,"valueName":"search_term_string"}}],"inLanguage":"de"},{"@type":"Organization","@id":"https:\/\/www.schuppar-consulting.com\/de\/#organization","name":"Schuppar Consulting | Your Pricing Experts","url":"https:\/\/www.schuppar-consulting.com\/de\/","logo":{"@type":"ImageObject","inLanguage":"de","@id":"https:\/\/www.schuppar-consulting.com\/de\/#\/schema\/logo\/image\/","url":"http:\/\/www.schuppar-consulting.com\/wp-content\/uploads\/2021\/08\/Logo_schuppar_english_web.jpg","contentUrl":"http:\/\/www.schuppar-consulting.com\/wp-content\/uploads\/2021\/08\/Logo_schuppar_english_web.jpg","width":420,"height":84,"caption":"Schuppar Consulting | Your Pricing Experts"},"image":{"@id":"https:\/\/www.schuppar-consulting.com\/de\/#\/schema\/logo\/image\/"},"sameAs":["https:\/\/www.facebook.com\/schupparconsulting\/","https:\/\/www.linkedin.com\/company\/schuppar-consulting","https:\/\/www.youtube.com\/channel\/UCbRn3J_OjBCO2m34VLak6gg"]}]}},"_links":{"self":[{"href":"https:\/\/www.schuppar-consulting.com\/de\/wp-json\/wp\/v2\/pages\/4632","targetHints":{"allow":["GET"]}}],"collection":[{"href":"https:\/\/www.schuppar-consulting.com\/de\/wp-json\/wp\/v2\/pages"}],"about":[{"href":"https:\/\/www.schuppar-consulting.com\/de\/wp-json\/wp\/v2\/types\/page"}],"author":[{"embeddable":true,"href":"https:\/\/www.schuppar-consulting.com\/de\/wp-json\/wp\/v2\/users\/1"}],"replies":[{"embeddable":true,"href":"https:\/\/www.schuppar-consulting.com\/de\/wp-json\/wp\/v2\/comments?post=4632"}],"version-history":[{"count":1,"href":"https:\/\/www.schuppar-consulting.com\/de\/wp-json\/wp\/v2\/pages\/4632\/revisions"}],"predecessor-version":[{"id":4633,"href":"https:\/\/www.schuppar-consulting.com\/de\/wp-json\/wp\/v2\/pages\/4632\/revisions\/4633"}],"up":[{"embeddable":true,"href":"https:\/\/www.schuppar-consulting.com\/de\/wp-json\/wp\/v2\/pages\/2921"}],"wp:attachment":[{"href":"https:\/\/www.schuppar-consulting.com\/de\/wp-json\/wp\/v2\/media?parent=4632"}],"curies":[{"name":"wp","href":"https:\/\/api.w.org\/{rel}","templated":true}]}}